{"id":203,"date":"2024-02-26T18:12:58","date_gmt":"2024-02-26T17:12:58","guid":{"rendered":"https:\/\/ameliecastro-psychologue.com\/?page_id=203"},"modified":"2024-04-25T19:10:41","modified_gmt":"2024-04-25T17:10:41","slug":"accueil","status":"publish","type":"page","link":"https:\/\/ameliecastro-psychologue.com\/","title":{"rendered":"HOME"},"content":{"rendered":"\t\t<div data-elementor-type=\"wp-page\" data-elementor-id=\"203\" class=\"elementor elementor-203\">\n\t\t\t\t<div class=\"elementor-element elementor-element-d4f802f e-flex e-con-boxed e-con e-parent\" data-id=\"d4f802f\" data-element_type=\"container\" data-e-type=\"container\">\n\t\t\t\t\t<div class=\"e-con-inner\">\n\t\t<div class=\"elementor-element elementor-element-73c6de1 e-con-full e-flex e-con e-child\" data-id=\"73c6de1\" data-element_type=\"container\" data-e-type=\"container\">\n\t\t\t\t<div class=\"elementor-element elementor-element-a9c7a5b elementor-widget elementor-widget-image\" data-id=\"a9c7a5b\" data-element_type=\"widget\" data-e-type=\"widget\" data-widget_type=\"image.default\">\n\t\t\t\t<div class=\"elementor-widget-container\">\n\t\t\t\t\t\t\t\t\t\t\t\t\t\t\t<img fetchpriority=\"high\" decoding=\"async\" data-attachment-id=\"473\" data-permalink=\"https:\/\/ameliecastro-psychologue.com\/?attachment_id=473\" data-orig-file=\"https:\/\/i0.wp.com\/ameliecastro-psychologue.com\/wp-content\/uploads\/2024\/03\/A.Castro.psychologue.jpg?fit=1080%2C1127&amp;ssl=1\" data-orig-size=\"1080,1127\" data-comments-opened=\"0\" data-image-meta=\"{&quot;aperture&quot;:&quot;0&quot;,&quot;credit&quot;:&quot;&quot;,&quot;camera&quot;:&quot;&quot;,&quot;caption&quot;:&quot;&quot;,&quot;created_timestamp&quot;:&quot;0&quot;,&quot;copyright&quot;:&quot;&quot;,&quot;focal_length&quot;:&quot;0&quot;,&quot;iso&quot;:&quot;0&quot;,&quot;shutter_speed&quot;:&quot;0&quot;,&quot;title&quot;:&quot;&quot;,&quot;orientation&quot;:&quot;0&quot;}\" data-image-title=\"A.Castro.psychologue\" data-image-description=\"\" data-image-caption=\"\" data-large-file=\"https:\/\/i0.wp.com\/ameliecastro-psychologue.com\/wp-content\/uploads\/2024\/03\/A.Castro.psychologue.jpg?fit=981%2C1024&amp;ssl=1\" width=\"981\" height=\"1024\" src=\"https:\/\/i0.wp.com\/ameliecastro-psychologue.com\/wp-content\/uploads\/2024\/03\/A.Castro.psychologue.jpg?fit=981%2C1024&amp;ssl=1\" class=\"attachment-large size-large wp-image-473\" alt=\"\" srcset=\"https:\/\/i0.wp.com\/ameliecastro-psychologue.com\/wp-content\/uploads\/2024\/03\/A.Castro.psychologue.jpg?w=1080&amp;ssl=1 1080w, https:\/\/i0.wp.com\/ameliecastro-psychologue.com\/wp-content\/uploads\/2024\/03\/A.Castro.psychologue.jpg?resize=287%2C300&amp;ssl=1 287w, https:\/\/i0.wp.com\/ameliecastro-psychologue.com\/wp-content\/uploads\/2024\/03\/A.Castro.psychologue.jpg?resize=981%2C1024&amp;ssl=1 981w, https:\/\/i0.wp.com\/ameliecastro-psychologue.com\/wp-content\/uploads\/2024\/03\/A.Castro.psychologue.jpg?resize=768%2C801&amp;ssl=1 768w, https:\/\/i0.wp.com\/ameliecastro-psychologue.com\/wp-content\/uploads\/2024\/03\/A.Castro.psychologue.jpg?resize=1000%2C1044&amp;ssl=1 1000w, https:\/\/i0.wp.com\/ameliecastro-psychologue.com\/wp-content\/uploads\/2024\/03\/A.Castro.psychologue.jpg?resize=230%2C240&amp;ssl=1 230w, https:\/\/i0.wp.com\/ameliecastro-psychologue.com\/wp-content\/uploads\/2024\/03\/A.Castro.psychologue.jpg?resize=350%2C365&amp;ssl=1 350w, https:\/\/i0.wp.com\/ameliecastro-psychologue.com\/wp-content\/uploads\/2024\/03\/A.Castro.psychologue.jpg?resize=480%2C501&amp;ssl=1 480w\" sizes=\"(max-width: 981px) 100vw, 981px\" data-attachment-id=\"473\" data-permalink=\"https:\/\/ameliecastro-psychologue.com\/?attachment_id=473\" data-orig-file=\"https:\/\/i0.wp.com\/ameliecastro-psychologue.com\/wp-content\/uploads\/2024\/03\/A.Castro.psychologue.jpg?fit=1080%2C1127&amp;ssl=1\" data-orig-size=\"1080,1127\" data-comments-opened=\"0\" data-image-meta=\"{&quot;aperture&quot;:&quot;0&quot;,&quot;credit&quot;:&quot;&quot;,&quot;camera&quot;:&quot;&quot;,&quot;caption&quot;:&quot;&quot;,&quot;created_timestamp&quot;:&quot;0&quot;,&quot;copyright&quot;:&quot;&quot;,&quot;focal_length&quot;:&quot;0&quot;,&quot;iso&quot;:&quot;0&quot;,&quot;shutter_speed&quot;:&quot;0&quot;,&quot;title&quot;:&quot;&quot;,&quot;orientation&quot;:&quot;0&quot;}\" data-image-title=\"A.Castro.psychologue\" data-image-description=\"\" data-image-caption=\"\" data-large-file=\"https:\/\/i0.wp.com\/ameliecastro-psychologue.com\/wp-content\/uploads\/2024\/03\/A.Castro.psychologue.jpg?fit=981%2C1024&amp;ssl=1\" \/>\t\t\t\t\t\t\t\t\t\t\t\t\t\t\t<\/div>\n\t\t\t\t<\/div>\n\t\t\t\t<\/div>\n\t\t<div class=\"elementor-element elementor-element-8c12605 e-con-full e-flex e-con e-child\" data-id=\"8c12605\" data-element_type=\"container\" data-e-type=\"container\">\n\t\t\t\t<div class=\"elementor-element elementor-element-10b5a741 elementor-widget elementor-widget-heading\" data-id=\"10b5a741\" data-element_type=\"widget\" data-e-type=\"widget\" data-widget_type=\"heading.default\">\n\t\t\t\t<div class=\"elementor-widget-container\">\n\t\t\t\t\t<h3 class=\"elementor-heading-title elementor-size-default\">Psychologue clinicienne\n&amp; th\u00e9rapeute en Hypnose<\/h3>\t\t\t\t<\/div>\n\t\t\t\t<\/div>\n\t\t\t\t<div class=\"elementor-element elementor-element-dd928fa elementor-widget elementor-widget-text-editor\" data-id=\"dd928fa\" data-element_type=\"widget\" data-e-type=\"widget\" data-widget_type=\"text-editor.default\">\n\t\t\t\t<div class=\"elementor-widget-container\">\n\t\t\t\t\t\t\t\t\t<p>Mettre des mots sur vos maux gr\u00e2ce \u00e0 une \u00e9coute bienveillante et professionnelle.<\/p>\t\t\t\t\t\t\t\t<\/div>\n\t\t\t\t<\/div>\n\t\t\t\t<div class=\"elementor-element elementor-element-6a3d1f3d elementor-align-center elementor-widget elementor-widget-button\" data-id=\"6a3d1f3d\" data-element_type=\"widget\" data-e-type=\"widget\" data-widget_type=\"button.default\">\n\t\t\t\t<div class=\"elementor-widget-container\">\n\t\t\t\t\t\t\t\t\t<div class=\"elementor-button-wrapper\">\n\t\t\t\t\t<a class=\"elementor-button elementor-button-link elementor-size-sm\" href=\"https:\/\/ameliecastro-psychologue.com\/?page_id=1\">\n\t\t\t\t\t\t<span class=\"elementor-button-content-wrapper\">\n\t\t\t\t\t\t\t\t\t<span class=\"elementor-button-text\">En savoir plus<\/span>\n\t\t\t\t\t<\/span>\n\t\t\t\t\t<\/a>\n\t\t\t\t<\/div>\n\t\t\t\t\t\t\t\t<\/div>\n\t\t\t\t<\/div>\n\t\t\t\t<\/div>\n\t\t\t\t\t<\/div>\n\t\t\t\t<\/div>\n\t\t<div class=\"elementor-element elementor-element-c9eb4f8 e-flex e-con-boxed e-con e-parent\" data-id=\"c9eb4f8\" data-element_type=\"container\" data-e-type=\"container\">\n\t\t\t\t\t<div class=\"e-con-inner\">\n\t\t\t\t<div class=\"elementor-element elementor-element-7c2a250 elementor-widget-divider--view-line elementor-widget elementor-widget-divider\" data-id=\"7c2a250\" data-element_type=\"widget\" data-e-type=\"widget\" data-widget_type=\"divider.default\">\n\t\t\t\t<div class=\"elementor-widget-container\">\n\t\t\t\t\t\t\t<div class=\"elementor-divider\">\n\t\t\t<span class=\"elementor-divider-separator\">\n\t\t\t\t\t\t<\/span>\n\t\t<\/div>\n\t\t\t\t\t\t<\/div>\n\t\t\t\t<\/div>\n\t\t\t\t\t<\/div>\n\t\t\t\t<\/div>\n\t\t<div class=\"elementor-element elementor-element-98267fe e-flex e-con-boxed e-con e-parent\" data-id=\"98267fe\" data-element_type=\"container\" data-e-type=\"container\">\n\t\t\t\t\t<div class=\"e-con-inner\">\n\t\t<div class=\"elementor-element elementor-element-39cf76c e-flex e-con-boxed e-con e-child\" data-id=\"39cf76c\" data-element_type=\"container\" data-e-type=\"container\" data-settings=\"{&quot;background_background&quot;:&quot;classic&quot;}\">\n\t\t\t\t\t<div class=\"e-con-inner\">\n\t\t\t\t<div class=\"elementor-element elementor-element-61e8565 elementor-widget elementor-widget-heading\" data-id=\"61e8565\" data-element_type=\"widget\" data-e-type=\"widget\" data-widget_type=\"heading.default\">\n\t\t\t\t<div class=\"elementor-widget-container\">\n\t\t\t\t\t<h2 class=\"elementor-heading-title elementor-size-default\">La Psychologie <\/h2>\t\t\t\t<\/div>\n\t\t\t\t<\/div>\n\t\t\t\t<div class=\"elementor-element elementor-element-68218d2 elementor-widget elementor-widget-text-editor\" data-id=\"68218d2\" data-element_type=\"widget\" data-e-type=\"widget\" data-widget_type=\"text-editor.default\">\n\t\t\t\t<div class=\"elementor-widget-container\">\n\t\t\t\t\t\t\t\t\t<div class=\"w-full text-token-text-primary\" data-testid=\"conversation-turn-4\"><div class=\"px-4 py-2 justify-center text-base md:gap-6 m-auto\"><div class=\"flex flex-1 text-base mx-auto gap-3 md:px-5 lg:px-1 xl:px-5 md:max-w-3xl lg:max-w-[40rem] xl:max-w-[48rem] group\"><div class=\"relative flex w-full flex-col agent-turn\"><div class=\"flex-col gap-1 md:gap-3\"><div class=\"flex flex-grow flex-col max-w-full\"><div class=\"min-h-[20px] text-message flex flex-col items-start gap-3 whitespace-pre-wrap break-words [.text-message+&amp;]:mt-5 overflow-x-auto\" data-message-author-role=\"assistant\" data-message-id=\"89b65ef4-4eb7-4084-810c-f2603905d240\"><div class=\"markdown prose w-full break-words dark:prose-invert light\"><p><span style=\"font-family: var( --e-global-typography-text-font-family ), Sans-serif; font-size: var( --e-global-typography-text-font-size ); font-style: var( --e-global-typography-text-font-style ); font-weight: var( --e-global-typography-text-font-weight ); text-align: var(--text-align);\">Je vous propose un espace d\u2019\u00e9coute et de parole bienveillant et neutre de tout\u00a0 jugement dans le but d&rsquo;am\u00e9liorer votre bien-\u00eatre global. <br \/><\/span>B\u00e9n\u00e9ficiez d&rsquo;un soutien professionnel pour r\u00e9soudre des difficult\u00e9s \u00e9motionnelles, comportementales ou relationnelles.\u00a0<\/p><\/div><\/div><\/div><\/div><\/div><\/div><\/div><\/div>\t\t\t\t\t\t\t\t<\/div>\n\t\t\t\t<\/div>\n\t\t\t\t<div class=\"elementor-element elementor-element-4090d0e elementor-align-center elementor-widget elementor-widget-button\" data-id=\"4090d0e\" data-element_type=\"widget\" data-e-type=\"widget\" data-widget_type=\"button.default\">\n\t\t\t\t<div class=\"elementor-widget-container\">\n\t\t\t\t\t\t\t\t\t<div class=\"elementor-button-wrapper\">\n\t\t\t\t\t<a class=\"elementor-button elementor-button-link elementor-size-sm\" href=\"https:\/\/ameliecastro-psychologue.com\/?page_id=118\">\n\t\t\t\t\t\t<span class=\"elementor-button-content-wrapper\">\n\t\t\t\t\t\t\t\t\t<span class=\"elementor-button-text\">Plus d'informations<\/span>\n\t\t\t\t\t<\/span>\n\t\t\t\t\t<\/a>\n\t\t\t\t<\/div>\n\t\t\t\t\t\t\t\t<\/div>\n\t\t\t\t<\/div>\n\t\t\t\t\t<\/div>\n\t\t\t\t<\/div>\n\t\t\t\t\t<\/div>\n\t\t\t\t<\/div>\n\t\t<div class=\"elementor-element elementor-element-1830d67 e-flex e-con-boxed e-con e-parent\" data-id=\"1830d67\" data-element_type=\"container\" data-e-type=\"container\" data-settings=\"{&quot;background_background&quot;:&quot;classic&quot;}\">\n\t\t\t\t\t<div class=\"e-con-inner\">\n\t\t<div class=\"elementor-element elementor-element-314f295 e-flex e-con-boxed e-con e-child\" data-id=\"314f295\" data-element_type=\"container\" data-e-type=\"container\" data-settings=\"{&quot;background_background&quot;:&quot;classic&quot;}\">\n\t\t\t\t\t<div class=\"e-con-inner\">\n\t\t\t\t<div class=\"elementor-element elementor-element-6dae608 elementor-widget elementor-widget-heading\" data-id=\"6dae608\" data-element_type=\"widget\" data-e-type=\"widget\" data-widget_type=\"heading.default\">\n\t\t\t\t<div class=\"elementor-widget-container\">\n\t\t\t\t\t<h2 class=\"elementor-heading-title elementor-size-default\">L'hypnose <\/h2>\t\t\t\t<\/div>\n\t\t\t\t<\/div>\n\t\t\t\t<div class=\"elementor-element elementor-element-2ecff0e elementor-widget elementor-widget-text-editor\" data-id=\"2ecff0e\" data-element_type=\"widget\" data-e-type=\"widget\" data-widget_type=\"text-editor.default\">\n\t\t\t\t<div class=\"elementor-widget-container\">\n\t\t\t\t\t\t\t\t\t<p>Consulter une psychologue pour de l&rsquo;hypnose offre une th\u00e9rapie sp\u00e9cialis\u00e9e permettant d&rsquo;explorer les ressources internes et de traiter une vari\u00e9t\u00e9 de probl\u00e8mes mentaux et \u00e9motionnels, ainsi que pour le traitement des troubles sp\u00e9cifiques tels que les phobies ou les traumatismes.<\/p>\t\t\t\t\t\t\t\t<\/div>\n\t\t\t\t<\/div>\n\t\t\t\t<div class=\"elementor-element elementor-element-5182262 elementor-align-center elementor-widget elementor-widget-button\" data-id=\"5182262\" data-element_type=\"widget\" data-e-type=\"widget\" data-widget_type=\"button.default\">\n\t\t\t\t<div class=\"elementor-widget-container\">\n\t\t\t\t\t\t\t\t\t<div class=\"elementor-button-wrapper\">\n\t\t\t\t\t<a class=\"elementor-button elementor-button-link elementor-size-sm\" href=\"https:\/\/ameliecastro-psychologue.com\/?page_id=140\">\n\t\t\t\t\t\t<span class=\"elementor-button-content-wrapper\">\n\t\t\t\t\t\t\t\t\t<span class=\"elementor-button-text\">Plus d'informations<\/span>\n\t\t\t\t\t<\/span>\n\t\t\t\t\t<\/a>\n\t\t\t\t<\/div>\n\t\t\t\t\t\t\t\t<\/div>\n\t\t\t\t<\/div>\n\t\t\t\t\t<\/div>\n\t\t\t\t<\/div>\n\t\t\t\t\t<\/div>\n\t\t\t\t<\/div>\n\t\t<div class=\"elementor-element elementor-element-aeb72d7 e-flex e-con-boxed e-con e-parent\" data-id=\"aeb72d7\" data-element_type=\"container\" data-e-type=\"container\">\n\t\t\t\t\t<div class=\"e-con-inner\">\n\t\t\t\t<div class=\"elementor-element elementor-element-41c78a0 elementor-widget-divider--view-line elementor-widget elementor-widget-divider\" data-id=\"41c78a0\" data-element_type=\"widget\" data-e-type=\"widget\" data-widget_type=\"divider.default\">\n\t\t\t\t<div class=\"elementor-widget-container\">\n\t\t\t\t\t\t\t<div class=\"elementor-divider\">\n\t\t\t<span class=\"elementor-divider-separator\">\n\t\t\t\t\t\t<\/span>\n\t\t<\/div>\n\t\t\t\t\t\t<\/div>\n\t\t\t\t<\/div>\n\t\t\t\t\t<\/div>\n\t\t\t\t<\/div>\n\t\t<div class=\"elementor-element elementor-element-d8a33ee e-flex e-con-boxed e-con e-parent\" data-id=\"d8a33ee\" data-element_type=\"container\" data-e-type=\"container\">\n\t\t\t\t\t<div class=\"e-con-inner\">\n\t\t\t\t<div class=\"elementor-element elementor-element-be36ea4 elementor-widget elementor-widget-heading\" data-id=\"be36ea4\" data-element_type=\"widget\" data-e-type=\"widget\" data-widget_type=\"heading.default\">\n\t\t\t\t<div class=\"elementor-widget-container\">\n\t\t\t\t\t<h2 class=\"elementor-heading-title elementor-size-default\">Informations utiles <\/h2>\t\t\t\t<\/div>\n\t\t\t\t<\/div>\n\t\t\t\t\t<\/div>\n\t\t\t\t<\/div>\n\t\t<div class=\"elementor-element elementor-element-1ec20ad e-con-full e-flex e-con e-parent\" data-id=\"1ec20ad\" data-element_type=\"container\" data-e-type=\"container\">\n\t\t<div class=\"elementor-element elementor-element-1b5eaeb e-con-full e-flex e-con e-child\" data-id=\"1b5eaeb\" data-element_type=\"container\" data-e-type=\"container\" data-settings=\"{&quot;background_background&quot;:&quot;classic&quot;}\">\n\t\t\t\t<div class=\"elementor-element elementor-element-dba4d10 elementor-widget elementor-widget-google_maps\" data-id=\"dba4d10\" data-element_type=\"widget\" data-e-type=\"widget\" data-widget_type=\"google_maps.default\">\n\t\t\t\t<div class=\"elementor-widget-container\">\n\t\t\t\t\t\t\t<div class=\"elementor-custom-embed\">\n\t\t\t<iframe loading=\"lazy\"\n\t\t\t\t\tsrc=\"https:\/\/maps.google.com\/maps?q=137%20Rte%20d%27Oloron%2C%2064290%20Gan&#038;t=m&#038;z=11&#038;output=embed&#038;iwloc=near\"\n\t\t\t\t\ttitle=\"137 Rte d&#039;Oloron, 64290 Gan\"\n\t\t\t\t\taria-label=\"137 Rte d&#039;Oloron, 64290 Gan\"\n\t\t\t><\/iframe>\n\t\t<\/div>\n\t\t\t\t\t\t<\/div>\n\t\t\t\t<\/div>\n\t\t\t\t<\/div>\n\t\t<div class=\"elementor-element elementor-element-8287c3c e-con-full e-flex e-con e-child\" data-id=\"8287c3c\" data-element_type=\"container\" data-e-type=\"container\">\n\t\t\t\t<div class=\"elementor-element elementor-element-33ae7e8 elementor-list-item-link-inline elementor-widget__width-initial elementor-icon-list--layout-traditional elementor-widget elementor-widget-icon-list\" data-id=\"33ae7e8\" data-element_type=\"widget\" data-e-type=\"widget\" data-widget_type=\"icon-list.default\">\n\t\t\t\t<div class=\"elementor-widget-container\">\n\t\t\t\t\t\t\t<ul class=\"elementor-icon-list-items\">\n\t\t\t\t\t\t\t<li class=\"elementor-icon-list-item\">\n\t\t\t\t\t\t\t\t\t\t\t<span class=\"elementor-icon-list-icon\">\n\t\t\t\t\t\t\t<svg aria-hidden=\"true\" class=\"e-font-icon-svg e-fas-mobile-alt\" viewBox=\"0 0 320 512\" xmlns=\"http:\/\/www.w3.org\/2000\/svg\"><path d=\"M272 0H48C21.5 0 0 21.5 0 48v416c0 26.5 21.5 48 48 48h224c26.5 0 48-21.5 48-48V48c0-26.5-21.5-48-48-48zM160 480c-17.7 0-32-14.3-32-32s14.3-32 32-32 32 14.3 32 32-14.3 32-32 32zm112-108c0 6.6-5.4 12-12 12H60c-6.6 0-12-5.4-12-12V60c0-6.6 5.4-12 12-12h200c6.6 0 12 5.4 12 12v312z\"><\/path><\/svg>\t\t\t\t\t\t<\/span>\n\t\t\t\t\t\t\t\t\t\t<span class=\"elementor-icon-list-text\">06 37 31 63 02<\/span>\n\t\t\t\t\t\t\t\t\t<\/li>\n\t\t\t\t\t\t\t\t<li class=\"elementor-icon-list-item\">\n\t\t\t\t\t\t\t\t\t\t\t<span class=\"elementor-icon-list-icon\">\n\t\t\t\t\t\t\t<svg aria-hidden=\"true\" class=\"e-font-icon-svg e-fas-location-arrow\" viewBox=\"0 0 512 512\" xmlns=\"http:\/\/www.w3.org\/2000\/svg\"><path d=\"M444.52 3.52L28.74 195.42c-47.97 22.39-31.98 92.75 19.19 92.75h175.91v175.91c0 51.17 70.36 67.17 92.75 19.19l191.9-415.78c15.99-38.39-25.59-79.97-63.97-63.97z\"><\/path><\/svg>\t\t\t\t\t\t<\/span>\n\t\t\t\t\t\t\t\t\t\t<span class=\"elementor-icon-list-text\">137 Rte d'Oloron, 64290 Gan<\/span>\n\t\t\t\t\t\t\t\t\t<\/li>\n\t\t\t\t\t\t<\/ul>\n\t\t\t\t\t\t<\/div>\n\t\t\t\t<\/div>\n\t\t\t\t<div class=\"elementor-element elementor-element-0e70ae4 elementor-widget elementor-widget-text-editor\" data-id=\"0e70ae4\" data-element_type=\"widget\" data-e-type=\"widget\" data-widget_type=\"text-editor.default\">\n\t\t\t\t<div class=\"elementor-widget-container\">\n\t\t\t\t\t\t\t\t\t<p>Des questions sur mes honoraires, horaires d&rsquo;ouvertures ou accessibilit\u00e9 du cabinet ?&nbsp;&nbsp;<br><\/p>\t\t\t\t\t\t\t\t<\/div>\n\t\t\t\t<\/div>\n\t\t\t\t<div class=\"elementor-element elementor-element-b040841 elementor-align-center elementor-widget elementor-widget-button\" data-id=\"b040841\" data-element_type=\"widget\" data-e-type=\"widget\" data-widget_type=\"button.default\">\n\t\t\t\t<div class=\"elementor-widget-container\">\n\t\t\t\t\t\t\t\t\t<div class=\"elementor-button-wrapper\">\n\t\t\t\t\t<a class=\"elementor-button elementor-button-link elementor-size-sm\" href=\"https:\/\/ameliecastro-psychologue.com\/?page_id=155\">\n\t\t\t\t\t\t<span class=\"elementor-button-content-wrapper\">\n\t\t\t\t\t\t\t\t\t<span class=\"elementor-button-text\">Informations utiles<\/span>\n\t\t\t\t\t<\/span>\n\t\t\t\t\t<\/a>\n\t\t\t\t<\/div>\n\t\t\t\t\t\t\t\t<\/div>\n\t\t\t\t<\/div>\n\t\t\t\t<\/div>\n\t\t\t\t<\/div>\n\t\t\t\t<\/div>\n\t\t","protected":false},"excerpt":{"rendered":"<p>Psychologue clinicienne &#038; th\u00e9rapeute en Hypnose Mettre des mots sur vos maux gr\u00e2ce \u00e0 une \u00e9coute bienveillante et professionnelle. En savoir plus [&hellip;]<\/p>\n","protected":false},"author":246214869,"featured_media":0,"parent":0,"menu_order":0,"comment_status":"closed","ping_status":"closed","template":"","meta":{"_crdt_document":"","footnotes":""},"class_list":["post-203","page","type-page","status-publish","hentry"],"yoast_head":"<!-- This site is optimized with the Yoast SEO plugin v27.4 - https:\/\/yoast.com\/product\/yoast-seo-wordpress\/ -->\n<title>Accueil - Am\u00e9lie Castro<\/title>\n<meta name=\"description\" content=\"Psychologue clinicienne &amp; therapeute en Hypnose \u00e0 Gan, pr\u00e8s de Pau. Je vous propose un espace d\u2019\u00e9coute et de parole bienveillant.\" \/>\n<meta name=\"robots\" content=\"index, follow, max-snippet:-1, max-image-preview:large, max-video-preview:-1\" \/>\n<link rel=\"canonical\" href=\"https:\/\/ameliecastro-psychologue.com\/\" \/>\n<meta property=\"og:locale\" content=\"fr_FR\" \/>\n<meta property=\"og:type\" content=\"article\" \/>\n<meta property=\"og:title\" content=\"Accueil - Am\u00e9lie Castro\" \/>\n<meta property=\"og:description\" content=\"Psychologue clinicienne &amp; therapeute en Hypnose \u00e0 Gan, pr\u00e8s de Pau. Je vous propose un espace d\u2019\u00e9coute et de parole bienveillant.\" \/>\n<meta property=\"og:url\" content=\"https:\/\/ameliecastro-psychologue.com\/\" \/>\n<meta property=\"og:site_name\" content=\"Am\u00e9lie Castro\" \/>\n<meta property=\"article:modified_time\" content=\"2024-04-25T17:10:41+00:00\" \/>\n<meta property=\"og:image\" content=\"https:\/\/ameliecastro-psychologue.com\/wp-content\/uploads\/2024\/03\/A.Castro.psychologue-981x1024.jpg\" \/>\n<meta name=\"twitter:card\" content=\"summary_large_image\" \/>\n<meta name=\"twitter:label1\" content=\"Dur\u00e9e de lecture estim\u00e9e\" \/>\n\t<meta name=\"twitter:data1\" content=\"1 minute\" \/>\n<script type=\"application\/ld+json\" class=\"yoast-schema-graph\">{\"@context\":\"https:\\\/\\\/schema.org\",\"@graph\":[{\"@type\":\"WebPage\",\"@id\":\"https:\\\/\\\/ameliecastro-psychologue.com\\\/\",\"url\":\"https:\\\/\\\/ameliecastro-psychologue.com\\\/\",\"name\":\"Accueil - Am\u00e9lie Castro\",\"isPartOf\":{\"@id\":\"https:\\\/\\\/ameliecastro-psychologue.com\\\/#website\"},\"primaryImageOfPage\":{\"@id\":\"https:\\\/\\\/ameliecastro-psychologue.com\\\/#primaryimage\"},\"image\":{\"@id\":\"https:\\\/\\\/ameliecastro-psychologue.com\\\/#primaryimage\"},\"thumbnailUrl\":\"https:\\\/\\\/ameliecastro-psychologue.com\\\/wp-content\\\/uploads\\\/2024\\\/03\\\/A.Castro.psychologue-981x1024.jpg\",\"datePublished\":\"2024-02-26T17:12:58+00:00\",\"dateModified\":\"2024-04-25T17:10:41+00:00\",\"description\":\"Psychologue clinicienne & therapeute en Hypnose \u00e0 Gan, pr\u00e8s de Pau. Je vous propose un espace d\u2019\u00e9coute et de parole bienveillant.\",\"breadcrumb\":{\"@id\":\"https:\\\/\\\/ameliecastro-psychologue.com\\\/#breadcrumb\"},\"inLanguage\":\"fr-FR\",\"potentialAction\":[{\"@type\":\"ReadAction\",\"target\":[\"https:\\\/\\\/ameliecastro-psychologue.com\\\/\"]}]},{\"@type\":\"ImageObject\",\"inLanguage\":\"fr-FR\",\"@id\":\"https:\\\/\\\/ameliecastro-psychologue.com\\\/#primaryimage\",\"url\":\"https:\\\/\\\/i0.wp.com\\\/ameliecastro-psychologue.com\\\/wp-content\\\/uploads\\\/2024\\\/03\\\/A.Castro.psychologue.jpg?fit=1080%2C1127&ssl=1\",\"contentUrl\":\"https:\\\/\\\/i0.wp.com\\\/ameliecastro-psychologue.com\\\/wp-content\\\/uploads\\\/2024\\\/03\\\/A.Castro.psychologue.jpg?fit=1080%2C1127&ssl=1\",\"width\":1080,\"height\":1127},{\"@type\":\"BreadcrumbList\",\"@id\":\"https:\\\/\\\/ameliecastro-psychologue.com\\\/#breadcrumb\",\"itemListElement\":[{\"@type\":\"ListItem\",\"position\":1,\"name\":\"Accueil\",\"item\":\"https:\\\/\\\/ameliecastro-psychologue.com\\\/\"},{\"@type\":\"ListItem\",\"position\":2,\"name\":\"HOME\"}]},{\"@type\":\"WebSite\",\"@id\":\"https:\\\/\\\/ameliecastro-psychologue.com\\\/#website\",\"url\":\"https:\\\/\\\/ameliecastro-psychologue.com\\\/\",\"name\":\"Am\u00e9lie Castro\",\"description\":\"\",\"potentialAction\":[{\"@type\":\"SearchAction\",\"target\":{\"@type\":\"EntryPoint\",\"urlTemplate\":\"https:\\\/\\\/ameliecastro-psychologue.com\\\/?s={search_term_string}\"},\"query-input\":{\"@type\":\"PropertyValueSpecification\",\"valueRequired\":true,\"valueName\":\"search_term_string\"}}],\"inLanguage\":\"fr-FR\"}]}<\/script>\n<!-- \/ Yoast SEO plugin. -->","yoast_head_json":{"title":"Accueil - Am\u00e9lie Castro","description":"Psychologue clinicienne & therapeute en Hypnose \u00e0 Gan, pr\u00e8s de Pau. Je vous propose un espace d\u2019\u00e9coute et de parole bienveillant.","robots":{"index":"index","follow":"follow","max-snippet":"max-snippet:-1","max-image-preview":"max-image-preview:large","max-video-preview":"max-video-preview:-1"},"canonical":"https:\/\/ameliecastro-psychologue.com\/","og_locale":"fr_FR","og_type":"article","og_title":"Accueil - Am\u00e9lie Castro","og_description":"Psychologue clinicienne & therapeute en Hypnose \u00e0 Gan, pr\u00e8s de Pau. Je vous propose un espace d\u2019\u00e9coute et de parole bienveillant.","og_url":"https:\/\/ameliecastro-psychologue.com\/","og_site_name":"Am\u00e9lie Castro","article_modified_time":"2024-04-25T17:10:41+00:00","og_image":[{"url":"https:\/\/ameliecastro-psychologue.com\/wp-content\/uploads\/2024\/03\/A.Castro.psychologue-981x1024.jpg","type":"","width":"","height":""}],"twitter_card":"summary_large_image","twitter_misc":{"Dur\u00e9e de lecture estim\u00e9e":"1 minute"},"schema":{"@context":"https:\/\/schema.org","@graph":[{"@type":"WebPage","@id":"https:\/\/ameliecastro-psychologue.com\/","url":"https:\/\/ameliecastro-psychologue.com\/","name":"Accueil - Am\u00e9lie Castro","isPartOf":{"@id":"https:\/\/ameliecastro-psychologue.com\/#website"},"primaryImageOfPage":{"@id":"https:\/\/ameliecastro-psychologue.com\/#primaryimage"},"image":{"@id":"https:\/\/ameliecastro-psychologue.com\/#primaryimage"},"thumbnailUrl":"https:\/\/ameliecastro-psychologue.com\/wp-content\/uploads\/2024\/03\/A.Castro.psychologue-981x1024.jpg","datePublished":"2024-02-26T17:12:58+00:00","dateModified":"2024-04-25T17:10:41+00:00","description":"Psychologue clinicienne & therapeute en Hypnose \u00e0 Gan, pr\u00e8s de Pau. Je vous propose un espace d\u2019\u00e9coute et de parole bienveillant.","breadcrumb":{"@id":"https:\/\/ameliecastro-psychologue.com\/#breadcrumb"},"inLanguage":"fr-FR","potentialAction":[{"@type":"ReadAction","target":["https:\/\/ameliecastro-psychologue.com\/"]}]},{"@type":"ImageObject","inLanguage":"fr-FR","@id":"https:\/\/ameliecastro-psychologue.com\/#primaryimage","url":"https:\/\/i0.wp.com\/ameliecastro-psychologue.com\/wp-content\/uploads\/2024\/03\/A.Castro.psychologue.jpg?fit=1080%2C1127&ssl=1","contentUrl":"https:\/\/i0.wp.com\/ameliecastro-psychologue.com\/wp-content\/uploads\/2024\/03\/A.Castro.psychologue.jpg?fit=1080%2C1127&ssl=1","width":1080,"height":1127},{"@type":"BreadcrumbList","@id":"https:\/\/ameliecastro-psychologue.com\/#breadcrumb","itemListElement":[{"@type":"ListItem","position":1,"name":"Accueil","item":"https:\/\/ameliecastro-psychologue.com\/"},{"@type":"ListItem","position":2,"name":"HOME"}]},{"@type":"WebSite","@id":"https:\/\/ameliecastro-psychologue.com\/#website","url":"https:\/\/ameliecastro-psychologue.com\/","name":"Am\u00e9lie Castro","description":"","potentialAction":[{"@type":"SearchAction","target":{"@type":"EntryPoint","urlTemplate":"https:\/\/ameliecastro-psychologue.com\/?s={search_term_string}"},"query-input":{"@type":"PropertyValueSpecification","valueRequired":true,"valueName":"search_term_string"}}],"inLanguage":"fr-FR"}]}},"jetpack_likes_enabled":true,"jetpack_sharing_enabled":true,"jetpack_shortlink":"https:\/\/wp.me\/PfuVpJ-3h","jetpack-related-posts":[],"_links":{"self":[{"href":"https:\/\/ameliecastro-psychologue.com\/index.php?rest_route=\/wp\/v2\/pages\/203","targetHints":{"allow":["GET"]}}],"collection":[{"href":"https:\/\/ameliecastro-psychologue.com\/index.php?rest_route=\/wp\/v2\/pages"}],"about":[{"href":"https:\/\/ameliecastro-psychologue.com\/index.php?rest_route=\/wp\/v2\/types\/page"}],"author":[{"embeddable":true,"href":"https:\/\/ameliecastro-psychologue.com\/index.php?rest_route=\/wp\/v2\/users\/246214869"}],"replies":[{"embeddable":true,"href":"https:\/\/ameliecastro-psychologue.com\/index.php?rest_route=%2Fwp%2Fv2%2Fcomments&post=203"}],"version-history":[{"count":71,"href":"https:\/\/ameliecastro-psychologue.com\/index.php?rest_route=\/wp\/v2\/pages\/203\/revisions"}],"predecessor-version":[{"id":476,"href":"https:\/\/ameliecastro-psychologue.com\/index.php?rest_route=\/wp\/v2\/pages\/203\/revisions\/476"}],"wp:attachment":[{"href":"https:\/\/ameliecastro-psychologue.com\/index.php?rest_route=%2Fwp%2Fv2%2Fmedia&parent=203"}],"curies":[{"name":"wp","href":"https:\/\/api.w.org\/{rel}","templated":true}]}}