{"id":297,"date":"2024-03-09T17:10:07","date_gmt":"2024-03-09T16:10:07","guid":{"rendered":"https:\/\/ameliecastro-psychologue.com\/?page_id=297"},"modified":"2024-04-26T16:46:24","modified_gmt":"2024-04-26T14:46:24","slug":"contact","status":"publish","type":"page","link":"https:\/\/ameliecastro-psychologue.com\/?page_id=297","title":{"rendered":"Contact"},"content":{"rendered":"\t\t<div data-elementor-type=\"wp-page\" data-elementor-id=\"297\" class=\"elementor elementor-297\">\n\t\t\t\t<div class=\"elementor-element elementor-element-600f0fe e-flex e-con-boxed e-con e-parent\" data-id=\"600f0fe\" data-element_type=\"container\" data-e-type=\"container\">\n\t\t\t\t\t<div class=\"e-con-inner\">\n\t\t\t\t<div class=\"elementor-element elementor-element-9d7e42d elementor-widget elementor-widget-heading\" data-id=\"9d7e42d\" data-element_type=\"widget\" data-e-type=\"widget\" data-widget_type=\"heading.default\">\n\t\t\t\t<div class=\"elementor-widget-container\">\n\t\t\t\t\t<h2 class=\"elementor-heading-title elementor-size-default\">Prenons contact<\/h2>\t\t\t\t<\/div>\n\t\t\t\t<\/div>\n\t\t\t\t<div class=\"elementor-element elementor-element-e518451 elementor-tabs-view-horizontal elementor-widget elementor-widget-tabs\" data-id=\"e518451\" data-element_type=\"widget\" data-e-type=\"widget\" data-widget_type=\"tabs.default\">\n\t\t\t\t<div class=\"elementor-widget-container\">\n\t\t\t\t\t\t\t<div class=\"elementor-tabs\">\n\t\t\t<div class=\"elementor-tabs-wrapper\" role=\"tablist\" >\n\t\t\t\t\t\t\t\t\t<div id=\"elementor-tab-title-2401\" class=\"elementor-tab-title elementor-tab-desktop-title\" aria-selected=\"true\" data-tab=\"1\" role=\"tab\" tabindex=\"0\" aria-controls=\"elementor-tab-content-2401\" aria-expanded=\"false\">Mail<\/div>\n\t\t\t\t\t\t\t\t\t<div id=\"elementor-tab-title-2402\" class=\"elementor-tab-title elementor-tab-desktop-title\" aria-selected=\"false\" data-tab=\"2\" role=\"tab\" tabindex=\"-1\" aria-controls=\"elementor-tab-content-2402\" aria-expanded=\"false\">T\u00e9l\u00e9phone<\/div>\n\t\t\t\t\t\t\t<\/div>\n\t\t\t<div class=\"elementor-tabs-content-wrapper\" role=\"tablist\" aria-orientation=\"vertical\">\n\t\t\t\t\t\t\t\t\t<div class=\"elementor-tab-title elementor-tab-mobile-title\" aria-selected=\"true\" data-tab=\"1\" role=\"tab\" tabindex=\"0\" aria-controls=\"elementor-tab-content-2401\" aria-expanded=\"false\">Mail<\/div>\n\t\t\t\t\t<div id=\"elementor-tab-content-2401\" class=\"elementor-tab-content elementor-clearfix\" data-tab=\"1\" role=\"tabpanel\" aria-labelledby=\"elementor-tab-title-2401\" tabindex=\"0\" hidden=\"false\"><p>Merci de remplir le formulaire ci-dessous avec vos informations, je reviendrai vers vous dans les meilleurs d\u00e9lais.<\/p><\/div>\n\t\t\t\t\t\t\t\t\t<div class=\"elementor-tab-title elementor-tab-mobile-title\" aria-selected=\"false\" data-tab=\"2\" role=\"tab\" tabindex=\"-1\" aria-controls=\"elementor-tab-content-2402\" aria-expanded=\"false\">T\u00e9l\u00e9phone<\/div>\n\t\t\t\t\t<div id=\"elementor-tab-content-2402\" class=\"elementor-tab-content elementor-clearfix\" data-tab=\"2\" role=\"tabpanel\" aria-labelledby=\"elementor-tab-title-2402\" tabindex=\"0\" hidden=\"hidden\"><p>Pour une prise de contact plus rapide, merci de me contacter directement par t\u00e9l\u00e9phone au 06 37 31 63 02\u200b\u00a0<\/p><\/div>\n\t\t\t\t\t\t\t<\/div>\n\t\t<\/div>\n\t\t\t\t\t\t<\/div>\n\t\t\t\t<\/div>\n\t\t\t\t<div class=\"elementor-element elementor-element-8f1d1c7 elementor-widget elementor-widget-text-editor\" data-id=\"8f1d1c7\" data-element_type=\"widget\" data-e-type=\"widget\" data-widget_type=\"text-editor.default\">\n\t\t\t\t<div class=\"elementor-widget-container\">\n\t\t\t\t\t\t\t\t\t<p><em>Veuillez noter que toute annulation ou modification de rendez-vous doit \u00eatre notifi\u00e9e au moins 24 heures \u00e0 l&rsquo;avance.<\/em><br \/><em>En cas de non-respect de ce d\u00e9lai, des frais correspondant au co\u00fbt de la s\u00e9ance pourront \u00eatre factur\u00e9s.<\/em><\/p>\t\t\t\t\t\t\t\t<\/div>\n\t\t\t\t<\/div>\n\t\t\t\t<div class=\"elementor-element elementor-element-085e82b elementor-widget__width-initial elementor-widget elementor-widget-wpforms\" data-id=\"085e82b\" data-element_type=\"widget\" data-e-type=\"widget\" data-widget_type=\"wpforms.default\">\n\t\t\t\t<div class=\"elementor-widget-container\">\n\t\t\t\t\t<style id=\"wpforms-css-vars-elementor-widget-085e82b\">\n\t\t\t\t.elementor-widget-wpforms.elementor-element-085e82b {\n\t\t\t\t--wpforms-field-border-color: #F2CFA4;\n--wpforms-field-border-color-spare: #F2CFA4;\n--wpforms-field-text-color: #54595F;\n--wpforms-label-color: #54595F;\n--wpforms-label-sublabel-color: #838281;\n--wpforms-label-error-color: #F2CFA4;\n--wpforms-button-background-color: #F2CFA4;\n--wpforms-button-size-font-size: 20px;\n--wpforms-button-size-height: 48px;\n--wpforms-button-size-padding-h: 20px;\n--wpforms-button-size-margin-top: 15px;\n\t\t\t}\n\t\t\t<\/style><div class=\"wpforms-container wpforms-container-full wpforms-render-modern\" id=\"wpforms-283\"><form id=\"wpforms-form-283\" class=\"wpforms-validate wpforms-form wpforms-ajax-form\" data-formid=\"283\" method=\"post\" enctype=\"multipart\/form-data\" action=\"\/index.php?rest_route=%2Fwp%2Fv2%2Fpages%2F297\" data-token=\"6c9a660f773a253ccf3899e1744fc649\" data-token-time=\"1776712222\"><noscript class=\"wpforms-error-noscript\">Veuillez activer JavaScript dans votre navigateur pour remplir ce formulaire.<\/noscript><div id=\"wpforms-error-noscript\" style=\"display: none;\">Veuillez activer JavaScript dans votre navigateur pour remplir ce formulaire.<\/div><div class=\"wpforms-field-container\"><div id=\"wpforms-283-field_0-container\" class=\"wpforms-field wpforms-field-name\" data-field-id=\"0\"><fieldset><legend class=\"wpforms-field-label\">Nom <span class=\"wpforms-required-label\" aria-hidden=\"true\">*<\/span><\/legend><div class=\"wpforms-field-row wpforms-field-medium\"><div class=\"wpforms-field-row-block wpforms-first wpforms-one-half\"><input type=\"text\" id=\"wpforms-283-field_0\" class=\"wpforms-field-name-first wpforms-field-required\" name=\"wpforms[fields][0][first]\" aria-errormessage=\"wpforms-283-field_0-error\" required><label for=\"wpforms-283-field_0\" class=\"wpforms-field-sublabel after\">Pr\u00e9nom<\/label><\/div><div class=\"wpforms-field-row-block wpforms-one-half\"><input type=\"text\" id=\"wpforms-283-field_0-last\" class=\"wpforms-field-name-last wpforms-field-required\" name=\"wpforms[fields][0][last]\" aria-errormessage=\"wpforms-283-field_0-last-error\" required><label for=\"wpforms-283-field_0-last\" class=\"wpforms-field-sublabel after\">Nom<\/label><\/div><\/div><\/fieldset><\/div><div id=\"wpforms-283-field_4-container\" class=\"wpforms-field wpforms-field-number\" data-field-id=\"4\"><label class=\"wpforms-field-label\" for=\"wpforms-283-field_4\">Num\u00e9ro de t\u00e9l\u00e9phone <span class=\"wpforms-required-label\" aria-hidden=\"true\">*<\/span><\/label><input type=\"number\" id=\"wpforms-283-field_4\" class=\"wpforms-field-medium wpforms-field-required\" name=\"wpforms[fields][4]\" step=\"any\" aria-errormessage=\"wpforms-283-field_4-error\" required><\/div><div id=\"wpforms-283-field_3-container\" class=\"wpforms-field wpforms-field-select wpforms-field-select-style-classic\" data-field-id=\"3\"><label class=\"wpforms-field-label\" for=\"wpforms-283-field_3\">Motif de la prise de contact<\/label><select id=\"wpforms-283-field_3\" class=\"wpforms-field-medium\" name=\"wpforms[fields][3]\"><option value=\"Consultation de Psychologie\"  class=\"choice-1 depth-1\"  >Consultation de Psychologie<\/option><option value=\"Consultation d&#039;Hypnose\"  class=\"choice-2 depth-1\"  >Consultation d'Hypnose<\/option><option value=\"Autre\"  class=\"choice-3 depth-1\"  >Autre<\/option><\/select><\/div><div id=\"wpforms-283-field_2-container\" class=\"wpforms-field wpforms-field-textarea\" data-field-id=\"2\"><label class=\"wpforms-field-label\" for=\"wpforms-283-field_2\">Message <span class=\"wpforms-required-label\" aria-hidden=\"true\">*<\/span><\/label><textarea id=\"wpforms-283-field_2\" class=\"wpforms-field-medium wpforms-field-required\" name=\"wpforms[fields][2]\" aria-errormessage=\"wpforms-283-field_2-error\" required><\/textarea><\/div><\/div><!-- .wpforms-field-container --><div class=\"wpforms-submit-container\" ><input type=\"hidden\" name=\"wpforms[id]\" value=\"283\"><input type=\"hidden\" name=\"page_title\" value=\"\"><input type=\"hidden\" name=\"page_url\" value=\"https:\/\/ameliecastro-psychologue.com\/index.php?rest_route=\/wp\/v2\/pages\/297\"><input type=\"hidden\" name=\"url_referer\" value=\"\"><button type=\"submit\" name=\"wpforms[submit]\" id=\"wpforms-submit-283\" class=\"wpforms-submit\" data-alt-text=\"Envoi...\" data-submit-text=\"Envoyer\" aria-live=\"assertive\" value=\"wpforms-submit\">Envoyer<\/button><img decoding=\"async\" src=\"https:\/\/ameliecastro-psychologue.com\/wp-content\/plugins\/wpforms-lite\/assets\/images\/submit-spin.svg\" class=\"wpforms-submit-spinner\" style=\"display: none;\" width=\"26\" height=\"26\" alt=\"Chargement en cours\"><\/div><\/form><\/div>  <!-- .wpforms-container -->\t\t\t\t<\/div>\n\t\t\t\t<\/div>\n\t\t\t\t\t<\/div>\n\t\t\t\t<\/div>\n\t\t\t\t<\/div>\n\t\t","protected":false},"excerpt":{"rendered":"<p>Prenons contact Mail T\u00e9l\u00e9phone Mail Merci de remplir le formulaire ci-dessous avec vos informations, je reviendrai vers vous dans les meilleurs d\u00e9lais. [&hellip;]<\/p>\n","protected":false},"author":246214869,"featured_media":0,"parent":0,"menu_order":0,"comment_status":"closed","ping_status":"closed","template":"","meta":{"_crdt_document":"","footnotes":""},"class_list":["post-297","page","type-page","status-publish","hentry"],"yoast_head":"<!-- This site is optimized with the Yoast SEO plugin v27.4 - https:\/\/yoast.com\/product\/yoast-seo-wordpress\/ -->\n<title>Contact - Am\u00e9lie Castro<\/title>\n<meta name=\"robots\" content=\"index, follow, max-snippet:-1, max-image-preview:large, max-video-preview:-1\" \/>\n<link rel=\"canonical\" href=\"https:\/\/ameliecastro-psychologue.com\/?page_id=297\" \/>\n<meta property=\"og:locale\" content=\"fr_FR\" \/>\n<meta property=\"og:type\" content=\"article\" \/>\n<meta property=\"og:title\" content=\"Contact - Am\u00e9lie Castro\" \/>\n<meta property=\"og:description\" content=\"Prenons contact Mail T\u00e9l\u00e9phone Mail Merci de remplir le formulaire ci-dessous avec vos informations, je reviendrai vers vous dans les meilleurs d\u00e9lais. [&hellip;]\" \/>\n<meta property=\"og:url\" content=\"https:\/\/ameliecastro-psychologue.com\/?page_id=297\" \/>\n<meta property=\"og:site_name\" content=\"Am\u00e9lie Castro\" \/>\n<meta property=\"article:modified_time\" content=\"2024-04-26T14:46:24+00:00\" \/>\n<meta property=\"og:image\" content=\"https:\/\/ameliecastro-psychologue.com\/wp-content\/plugins\/wpforms-lite\/assets\/images\/submit-spin.svg\" \/>\n<meta name=\"twitter:card\" content=\"summary_large_image\" \/>\n<meta name=\"twitter:label1\" content=\"Dur\u00e9e de lecture estim\u00e9e\" \/>\n\t<meta name=\"twitter:data1\" content=\"1 minute\" \/>\n<script type=\"application\/ld+json\" class=\"yoast-schema-graph\">{\"@context\":\"https:\\\/\\\/schema.org\",\"@graph\":[{\"@type\":\"WebPage\",\"@id\":\"https:\\\/\\\/ameliecastro-psychologue.com\\\/?page_id=297\",\"url\":\"https:\\\/\\\/ameliecastro-psychologue.com\\\/?page_id=297\",\"name\":\"Contact - Am\u00e9lie Castro\",\"isPartOf\":{\"@id\":\"https:\\\/\\\/ameliecastro-psychologue.com\\\/#website\"},\"primaryImageOfPage\":{\"@id\":\"https:\\\/\\\/ameliecastro-psychologue.com\\\/?page_id=297#primaryimage\"},\"image\":{\"@id\":\"https:\\\/\\\/ameliecastro-psychologue.com\\\/?page_id=297#primaryimage\"},\"thumbnailUrl\":\"https:\\\/\\\/ameliecastro-psychologue.com\\\/wp-content\\\/plugins\\\/wpforms-lite\\\/assets\\\/images\\\/submit-spin.svg\",\"datePublished\":\"2024-03-09T16:10:07+00:00\",\"dateModified\":\"2024-04-26T14:46:24+00:00\",\"breadcrumb\":{\"@id\":\"https:\\\/\\\/ameliecastro-psychologue.com\\\/?page_id=297#breadcrumb\"},\"inLanguage\":\"fr-FR\",\"potentialAction\":[{\"@type\":\"ReadAction\",\"target\":[\"https:\\\/\\\/ameliecastro-psychologue.com\\\/?page_id=297\"]}]},{\"@type\":\"ImageObject\",\"inLanguage\":\"fr-FR\",\"@id\":\"https:\\\/\\\/ameliecastro-psychologue.com\\\/?page_id=297#primaryimage\",\"url\":\"https:\\\/\\\/ameliecastro-psychologue.com\\\/wp-content\\\/plugins\\\/wpforms-lite\\\/assets\\\/images\\\/submit-spin.svg\",\"contentUrl\":\"https:\\\/\\\/ameliecastro-psychologue.com\\\/wp-content\\\/plugins\\\/wpforms-lite\\\/assets\\\/images\\\/submit-spin.svg\"},{\"@type\":\"BreadcrumbList\",\"@id\":\"https:\\\/\\\/ameliecastro-psychologue.com\\\/?page_id=297#breadcrumb\",\"itemListElement\":[{\"@type\":\"ListItem\",\"position\":1,\"name\":\"Accueil\",\"item\":\"https:\\\/\\\/ameliecastro-psychologue.com\\\/\"},{\"@type\":\"ListItem\",\"position\":2,\"name\":\"Contact\"}]},{\"@type\":\"WebSite\",\"@id\":\"https:\\\/\\\/ameliecastro-psychologue.com\\\/#website\",\"url\":\"https:\\\/\\\/ameliecastro-psychologue.com\\\/\",\"name\":\"Am\u00e9lie Castro\",\"description\":\"\",\"potentialAction\":[{\"@type\":\"SearchAction\",\"target\":{\"@type\":\"EntryPoint\",\"urlTemplate\":\"https:\\\/\\\/ameliecastro-psychologue.com\\\/?s={search_term_string}\"},\"query-input\":{\"@type\":\"PropertyValueSpecification\",\"valueRequired\":true,\"valueName\":\"search_term_string\"}}],\"inLanguage\":\"fr-FR\"}]}<\/script>\n<!-- \/ Yoast SEO plugin. -->","yoast_head_json":{"title":"Contact - Am\u00e9lie Castro","robots":{"index":"index","follow":"follow","max-snippet":"max-snippet:-1","max-image-preview":"max-image-preview:large","max-video-preview":"max-video-preview:-1"},"canonical":"https:\/\/ameliecastro-psychologue.com\/?page_id=297","og_locale":"fr_FR","og_type":"article","og_title":"Contact - Am\u00e9lie Castro","og_description":"Prenons contact Mail T\u00e9l\u00e9phone Mail Merci de remplir le formulaire ci-dessous avec vos informations, je reviendrai vers vous dans les meilleurs d\u00e9lais. [&hellip;]","og_url":"https:\/\/ameliecastro-psychologue.com\/?page_id=297","og_site_name":"Am\u00e9lie Castro","article_modified_time":"2024-04-26T14:46:24+00:00","og_image":[{"url":"https:\/\/ameliecastro-psychologue.com\/wp-content\/plugins\/wpforms-lite\/assets\/images\/submit-spin.svg","type":"","width":"","height":""}],"twitter_card":"summary_large_image","twitter_misc":{"Dur\u00e9e de lecture estim\u00e9e":"1 minute"},"schema":{"@context":"https:\/\/schema.org","@graph":[{"@type":"WebPage","@id":"https:\/\/ameliecastro-psychologue.com\/?page_id=297","url":"https:\/\/ameliecastro-psychologue.com\/?page_id=297","name":"Contact - Am\u00e9lie Castro","isPartOf":{"@id":"https:\/\/ameliecastro-psychologue.com\/#website"},"primaryImageOfPage":{"@id":"https:\/\/ameliecastro-psychologue.com\/?page_id=297#primaryimage"},"image":{"@id":"https:\/\/ameliecastro-psychologue.com\/?page_id=297#primaryimage"},"thumbnailUrl":"https:\/\/ameliecastro-psychologue.com\/wp-content\/plugins\/wpforms-lite\/assets\/images\/submit-spin.svg","datePublished":"2024-03-09T16:10:07+00:00","dateModified":"2024-04-26T14:46:24+00:00","breadcrumb":{"@id":"https:\/\/ameliecastro-psychologue.com\/?page_id=297#breadcrumb"},"inLanguage":"fr-FR","potentialAction":[{"@type":"ReadAction","target":["https:\/\/ameliecastro-psychologue.com\/?page_id=297"]}]},{"@type":"ImageObject","inLanguage":"fr-FR","@id":"https:\/\/ameliecastro-psychologue.com\/?page_id=297#primaryimage","url":"https:\/\/ameliecastro-psychologue.com\/wp-content\/plugins\/wpforms-lite\/assets\/images\/submit-spin.svg","contentUrl":"https:\/\/ameliecastro-psychologue.com\/wp-content\/plugins\/wpforms-lite\/assets\/images\/submit-spin.svg"},{"@type":"BreadcrumbList","@id":"https:\/\/ameliecastro-psychologue.com\/?page_id=297#breadcrumb","itemListElement":[{"@type":"ListItem","position":1,"name":"Accueil","item":"https:\/\/ameliecastro-psychologue.com\/"},{"@type":"ListItem","position":2,"name":"Contact"}]},{"@type":"WebSite","@id":"https:\/\/ameliecastro-psychologue.com\/#website","url":"https:\/\/ameliecastro-psychologue.com\/","name":"Am\u00e9lie Castro","description":"","potentialAction":[{"@type":"SearchAction","target":{"@type":"EntryPoint","urlTemplate":"https:\/\/ameliecastro-psychologue.com\/?s={search_term_string}"},"query-input":{"@type":"PropertyValueSpecification","valueRequired":true,"valueName":"search_term_string"}}],"inLanguage":"fr-FR"}]}},"jetpack_likes_enabled":true,"jetpack_sharing_enabled":true,"jetpack_shortlink":"https:\/\/wp.me\/PfuVpJ-4N","jetpack-related-posts":[],"_links":{"self":[{"href":"https:\/\/ameliecastro-psychologue.com\/index.php?rest_route=\/wp\/v2\/pages\/297","targetHints":{"allow":["GET"]}}],"collection":[{"href":"https:\/\/ameliecastro-psychologue.com\/index.php?rest_route=\/wp\/v2\/pages"}],"about":[{"href":"https:\/\/ameliecastro-psychologue.com\/index.php?rest_route=\/wp\/v2\/types\/page"}],"author":[{"embeddable":true,"href":"https:\/\/ameliecastro-psychologue.com\/index.php?rest_route=\/wp\/v2\/users\/246214869"}],"replies":[{"embeddable":true,"href":"https:\/\/ameliecastro-psychologue.com\/index.php?rest_route=%2Fwp%2Fv2%2Fcomments&post=297"}],"version-history":[{"count":12,"href":"https:\/\/ameliecastro-psychologue.com\/index.php?rest_route=\/wp\/v2\/pages\/297\/revisions"}],"predecessor-version":[{"id":499,"href":"https:\/\/ameliecastro-psychologue.com\/index.php?rest_route=\/wp\/v2\/pages\/297\/revisions\/499"}],"wp:attachment":[{"href":"https:\/\/ameliecastro-psychologue.com\/index.php?rest_route=%2Fwp%2Fv2%2Fmedia&parent=297"}],"curies":[{"name":"wp","href":"https:\/\/api.w.org\/{rel}","templated":true}]}}